{"id":3,"date":"2023-02-05T16:55:38","date_gmt":"2023-02-05T15:55:38","guid":{"rendered":"http:\/\/translator.edu.pl\/?page_id=3"},"modified":"2023-02-06T02:57:59","modified_gmt":"2023-02-06T01:57:59","slug":"polityka-prywatnosci","status":"publish","type":"page","link":"https:\/\/translator.edu.pl\/?page_id=3","title":{"rendered":"Polityka prywatno\u015bci"},"content":{"rendered":"\t\t<div data-elementor-type=\"wp-page\" data-elementor-id=\"3\" class=\"elementor elementor-3\">\n\t\t\t\t\t\t<section class=\"elementor-section elementor-top-section elementor-element elementor-element-fc40628 elementor-section-boxed elementor-section-height-default elementor-section-height-default\" data-id=\"fc40628\" data-element_type=\"section\" data-settings=\"{&quot;background_background&quot;:&quot;classic&quot;}\">\n\t\t\t\t\t\t\t<div class=\"elementor-background-overlay\"><\/div>\n\t\t\t\t\t\t\t<div class=\"elementor-container elementor-column-gap-default\">\n\t\t\t\t\t<div class=\"elementor-column elementor-col-100 elementor-top-column elementor-element elementor-element-1b09b1c\" data-id=\"1b09b1c\" data-element_type=\"column\">\n\t\t\t<div class=\"elementor-widget-wrap elementor-element-populated\">\n\t\t\t\t\t\t<div class=\"elementor-element elementor-element-08fec2a elementor-widget elementor-widget-heading\" data-id=\"08fec2a\" data-element_type=\"widget\" data-widget_type=\"heading.default\">\n\t\t\t\t<div class=\"elementor-widget-container\">\n\t\t\t<style>\/*! elementor - v3.23.0 - 15-07-2024 *\/\n.elementor-heading-title{padding:0;margin:0;line-height:1}.elementor-widget-heading .elementor-heading-title[class*=elementor-size-]>a{color:inherit;font-size:inherit;line-height:inherit}.elementor-widget-heading .elementor-heading-title.elementor-size-small{font-size:15px}.elementor-widget-heading .elementor-heading-title.elementor-size-medium{font-size:19px}.elementor-widget-heading .elementor-heading-title.elementor-size-large{font-size:29px}.elementor-widget-heading .elementor-heading-title.elementor-size-xl{font-size:39px}.elementor-widget-heading .elementor-heading-title.elementor-size-xxl{font-size:59px}<\/style><h2 class=\"elementor-heading-title elementor-size-large\">Polityka przetwarzania danych osobowych<\/h2>\t\t<\/div>\n\t\t\t\t<\/div>\n\t\t\t\t<div class=\"elementor-element elementor-element-e617f1e elementor-widget-divider--view-line elementor-widget elementor-widget-divider\" data-id=\"e617f1e\" data-element_type=\"widget\" data-widget_type=\"divider.default\">\n\t\t\t\t<div class=\"elementor-widget-container\">\n\t\t\t<style>\/*! elementor - v3.23.0 - 15-07-2024 *\/\n.elementor-widget-divider{--divider-border-style:none;--divider-border-width:1px;--divider-color:#0c0d0e;--divider-icon-size:20px;--divider-element-spacing:10px;--divider-pattern-height:24px;--divider-pattern-size:20px;--divider-pattern-url:none;--divider-pattern-repeat:repeat-x}.elementor-widget-divider .elementor-divider{display:flex}.elementor-widget-divider .elementor-divider__text{font-size:15px;line-height:1;max-width:95%}.elementor-widget-divider .elementor-divider__element{margin:0 var(--divider-element-spacing);flex-shrink:0}.elementor-widget-divider .elementor-icon{font-size:var(--divider-icon-size)}.elementor-widget-divider .elementor-divider-separator{display:flex;margin:0;direction:ltr}.elementor-widget-divider--view-line_icon .elementor-divider-separator,.elementor-widget-divider--view-line_text .elementor-divider-separator{align-items:center}.elementor-widget-divider--view-line_icon .elementor-divider-separator:after,.elementor-widget-divider--view-line_icon .elementor-divider-separator:before,.elementor-widget-divider--view-line_text .elementor-divider-separator:after,.elementor-widget-divider--view-line_text .elementor-divider-separator:before{display:block;content:\"\";border-block-end:0;flex-grow:1;border-block-start:var(--divider-border-width) var(--divider-border-style) var(--divider-color)}.elementor-widget-divider--element-align-left .elementor-divider .elementor-divider-separator>.elementor-divider__svg:first-of-type{flex-grow:0;flex-shrink:100}.elementor-widget-divider--element-align-left .elementor-divider-separator:before{content:none}.elementor-widget-divider--element-align-left .elementor-divider__element{margin-left:0}.elementor-widget-divider--element-align-right .elementor-divider .elementor-divider-separator>.elementor-divider__svg:last-of-type{flex-grow:0;flex-shrink:100}.elementor-widget-divider--element-align-right .elementor-divider-separator:after{content:none}.elementor-widget-divider--element-align-right .elementor-divider__element{margin-right:0}.elementor-widget-divider--element-align-start .elementor-divider .elementor-divider-separator>.elementor-divider__svg:first-of-type{flex-grow:0;flex-shrink:100}.elementor-widget-divider--element-align-start .elementor-divider-separator:before{content:none}.elementor-widget-divider--element-align-start .elementor-divider__element{margin-inline-start:0}.elementor-widget-divider--element-align-end .elementor-divider .elementor-divider-separator>.elementor-divider__svg:last-of-type{flex-grow:0;flex-shrink:100}.elementor-widget-divider--element-align-end .elementor-divider-separator:after{content:none}.elementor-widget-divider--element-align-end .elementor-divider__element{margin-inline-end:0}.elementor-widget-divider:not(.elementor-widget-divider--view-line_text):not(.elementor-widget-divider--view-line_icon) .elementor-divider-separator{border-block-start:var(--divider-border-width) var(--divider-border-style) var(--divider-color)}.elementor-widget-divider--separator-type-pattern{--divider-border-style:none}.elementor-widget-divider--separator-type-pattern.elementor-widget-divider--view-line .elementor-divider-separator,.elementor-widget-divider--separator-type-pattern:not(.elementor-widget-divider--view-line) .elementor-divider-separator:after,.elementor-widget-divider--separator-type-pattern:not(.elementor-widget-divider--view-line) .elementor-divider-separator:before,.elementor-widget-divider--separator-type-pattern:not([class*=elementor-widget-divider--view]) .elementor-divider-separator{width:100%;min-height:var(--divider-pattern-height);-webkit-mask-size:var(--divider-pattern-size) 100%;mask-size:var(--divider-pattern-size) 100%;-webkit-mask-repeat:var(--divider-pattern-repeat);mask-repeat:var(--divider-pattern-repeat);background-color:var(--divider-color);-webkit-mask-image:var(--divider-pattern-url);mask-image:var(--divider-pattern-url)}.elementor-widget-divider--no-spacing{--divider-pattern-size:auto}.elementor-widget-divider--bg-round{--divider-pattern-repeat:round}.rtl .elementor-widget-divider .elementor-divider__text{direction:rtl}.e-con-inner>.elementor-widget-divider,.e-con>.elementor-widget-divider{width:var(--container-widget-width,100%);--flex-grow:var(--container-widget-flex-grow)}<\/style>\t\t<div class=\"elementor-divider\">\n\t\t\t<span class=\"elementor-divider-separator\">\n\t\t\t\t\t\t<\/span>\n\t\t<\/div>\n\t\t\t\t<\/div>\n\t\t\t\t<\/div>\n\t\t\t\t<div class=\"elementor-element elementor-element-59604f6 elementor-widget elementor-widget-text-editor\" data-id=\"59604f6\" data-element_type=\"widget\" data-widget_type=\"text-editor.default\">\n\t\t\t\t<div class=\"elementor-widget-container\">\n\t\t\t<style>\/*! elementor - v3.23.0 - 15-07-2024 *\/\n.elementor-widget-text-editor.elementor-drop-cap-view-stacked .elementor-drop-cap{background-color:#69727d;color:#fff}.elementor-widget-text-editor.elementor-drop-cap-view-framed .elementor-drop-cap{color:#69727d;border:3px solid;background-color:transparent}.elementor-widget-text-editor:not(.elementor-drop-cap-view-default) .elementor-drop-cap{margin-top:8px}.elementor-widget-text-editor:not(.elementor-drop-cap-view-default) .elementor-drop-cap-letter{width:1em;height:1em}.elementor-widget-text-editor .elementor-drop-cap{float:left;text-align:center;line-height:1;font-size:50px}.elementor-widget-text-editor .elementor-drop-cap-letter{display:inline-block}<\/style>\t\t\t\t<p>Mi\u0119dzynarodowe Centrum Edukacyjne In Translator Sp. z\u00a0o.o., jako administrator danych osobowych przetwarza uzyskane dane osobowe zgodnie z\u00a0Ustawi\u0105 z\u00a0dnia 10 maja 2018 r. o\u00a0ochronie danych osobowych (t.j. Dz.\u00a0U. z\u00a02018 r. poz. 1000); Rozporz\u0105dzeniu Parlamentu Europejskiego i\u00a0Rady (UE) 2016\/679 z\u00a0dnia 27 kwietnia 2016 r. w\u00a0sprawie ochrony os\u00f3b fizycznych w\u00a0zwi\u0105zku z\u00a0przetwarzaniem danych osobowych i\u00a0w\u00a0sprawie swobodnego przep\u0142ywu takich danych oraz\u00a0uchylenia dyrektywy 95\/46\/WE [rozporz\u0105dzenie og\u00f3lne o\u00a0ochronie danych]; Celem zapewnienia ochrony danych osobowych os\u00f3b fizycznych podajemy naszym klientom nast\u0119puj\u0105ce informacje:<\/p>\t\t\t\t\t\t<\/div>\n\t\t\t\t<\/div>\n\t\t\t\t<div class=\"elementor-element elementor-element-1f13dac elementor-widget elementor-widget-text-editor\" data-id=\"1f13dac\" data-element_type=\"widget\" data-widget_type=\"text-editor.default\">\n\t\t\t\t<div class=\"elementor-widget-container\">\n\t\t\t\t\t\t\t<ul>\n<li>Administratorem Pa\u0144stwa danych osobowych jest Mi\u0119dzynarodowe Centrum Edukacyjne In Translator Sp\u00f3\u0142ka z\u00a0Ograniczon\u0105 Odpowiedzialno\u015bci\u0105 z\u00a0siedzib\u0105 w\u00a0Katowicach przy ul.\u00a0Jana Heweliusza 26, 40-758\u00a0Katowice wpisan\u0105 do\u00a0Rejestru Przedsi\u0119biorc\u00f3w Krajowego Rejestru S\u0105dowego pod\u00a0numerem 0000436128, kt\u00f3rej\u00a0akta rejestrowe przechowuje S\u0105d Rejonowy Katowice \u2013 Wsch\u00f3d w\u00a0Katowicach VIII Wydzia\u0142 Gospodarczy Krajowego Rejestru S\u0105dowego, pos\u0142uguj\u0105cej si\u0119 numerem NIP 6342808820 i\u00a0numerem REGON 242901336.<\/li>\n<li>Z\u00a0Administratorem mo\u017cna skontaktowa\u0107 si\u0119 poprzez adres e-mail:\u00a0<a href=\"mailto:biuro@translator.edu.pl\" target=\"_blank\" rel=\"noopener\">biuro@translator.edu.pl<\/a>, pisemnie na\u00a0adres 40-002\u00a0Katowice ul.\u00a0Pocztowa 16\u00a0lub telefonicznie na\u00a0numery:\u00a0<a href=\"tel:322068095\">32\u00a0206\u00a080\u00a095<\/a>\u00a0i\u00a0<a href=\"tel:601426854\">601\u00a0426\u00a0854<\/a>.<\/li>\n<li>Administrator zapewnia integralno\u015b\u0107 i\u00a0poufno\u015b\u0107 danych. W\u00a0tym celu wdro\u017cy\u0142 procedury umo\u017cliwiaj\u0105ce dost\u0119p do\u00a0danych osobowych jedynie osobom upowa\u017cnionym i\u00a0jedynie w\u00a0zakresie, w\u00a0jakim jest to\u00a0niezb\u0119dne ze\u00a0wzgl\u0119du na\u00a0wykonywanie przez\u00a0nie\u00a0zadania.<\/li>\n<li>Administrator stosuje rozwi\u0105zania organizacyjne i\u00a0techniczne w\u00a0celu w\u00a0celu zapewnienia, \u017ce\u00a0wszystkie operacje na\u00a0danych osobowych s\u0105 przetwarzane tylko\u00a0przez\u00a0osoby upowa\u017cnione.<\/li>\n<li>Administrator podejmuje ponadto wszelkie niezb\u0119dne dzia\u0142ania, by\u00a0tak\u017ce jego podwykonawcy i\u00a0inne podmioty wsp\u00f3\u0142pracuj\u0105ce dawa\u0142y gwarancj\u0119 stosowania odpowiednich \u015brodk\u00f3w bezpiecze\u0144stwa w\u00a0ka\u017cdym przypadku, gdy\u00a0przetwarzaj\u0105 dane osobowe.<\/li>\n<li>Administrator przeprowadza na\u00a0bie\u017c\u0105co analiz\u0119 ryzyka i\u00a0monitoruje adekwatno\u015b\u0107 stosowanych zabezpiecze\u0144 danych do\u00a0identyfikowanych zagro\u017ce\u0144.<\/li>\n<li>Dane osobowe zawarte w\u00a0korespondencji kierowanej do\u00a0Administratora, s\u0105 przetwarzane wy\u0142\u0105cznie w\u00a0celu komunikacji i\u00a0za\u0142atwienia sprawy, kt\u00f3rej\u00a0dotyczy\u0142a korespondencja lub spraw z\u00a0ni\u0105 zwi\u0105zanych.<\/li>\n<li>Podstaw\u0105 prawn\u0105 przetwarzania jest na\u00a0podstawie art.6\u00a0ust. 1 lit. a\u00a0\u2013 zgoda osoby, kt\u00f3rej\u00a0dane dotycz\u0105 \u2013 Rozporz\u0105dzenia Parlamentu Europejskiego i\u00a0Rady Unii Europejskiej UE\/2016\/679\u00a0z\u00a0dnia 27.04.2016 \u2013 rozporz\u0105dzenie og\u00f3lne.<\/li>\n<li>Administrator przetwarza jedynie dane osobowe potrzebne dla sprawy, kt\u00f3rej\u00a0dotyczy korespondencja.<\/li>\n<li>Ca\u0142o\u015b\u0107 korespondencji jest przechowywana w\u00a0spos\u00f3b zapewniaj\u0105cy bezpiecze\u0144stwo zawartych w\u00a0niej danych osobowych oraz\u00a0innych informacji i\u00a0ujawniana jedynie osobom upowa\u017cnionym.<\/li>\n<li>Dane osobowe b\u0119d\u0105 przechowywane przez\u00a0okres na\u00a0kt\u00f3ry\u00a0zosta\u0142a wyra\u017cona przez\u00a0Pa\u0144stwo zgoda na\u00a0przetwarzanie danych osobowych.<\/li>\n<li>Celem przetwarzania Pa\u0144stwa danych osobowych jest przedstawienie naszej oferty oraz\u00a0odpowiedzi na\u00a0wszystkie pytania zwi\u0105zane z\u00a0nasz\u0105 dzia\u0142alno\u015bci\u0105.<\/li>\n<li>Kategori\u0105 przetwarzania danych osobowych s\u0105 dane zwyk\u0142e.<\/li>\n<li>Nie\u00a0przekazujemy Pa\u0144stwa danych osobowych innym podmiotom.<\/li>\n<\/ul>\t\t\t\t\t\t<\/div>\n\t\t\t\t<\/div>\n\t\t\t\t<div class=\"elementor-element elementor-element-03cb4c5 elementor-widget elementor-widget-text-editor\" data-id=\"03cb4c5\" data-element_type=\"widget\" data-widget_type=\"text-editor.default\">\n\t\t\t\t<div class=\"elementor-widget-container\">\n\t\t\t\t\t\t\t<ul>\n<li>\n<p>Informujemy \u017ce\u00a0przys\u0142uguj\u0105 Pa\u0144stwu nast\u0119puj\u0105ce prawa:<\/p>\n<ul>\n<li>Prawo do\u00a0informowania o\u00a0przetwarzaniu danych osobowych- po\u00a0uzyskaniu zg\u0142oszenia \u2013 przekazujemy informacje o\u00a0przetwarzaniu jej danych, w\u00a0tym o\u00a0celach i\u00a0podstawach prawnych przetwarzania.<\/li>\n<li>Prawo do\u00a0sprostowania danych \u2013 na\u00a0\u017c\u0105danie osoby usuwamy ewentualne niezgodno\u015bci lub b\u0142\u0119dy przetwarzanych danych osobowych, ewentualnie uzupe\u0142niamy je w\u00a0przypadku, kiedy s\u0105 niekompletne.<\/li>\n<li>Prawo do\u00a0ograniczenia przetwarzania \u2013 w\u00a0przypadku zg\u0142oszenia zaprzestajemy dokonywania operacji na\u00a0danych osobowych oraz\u00a0ich przechowywania, dop\u00f3ki nie\u00a0ustan\u0105 przyczyny ograniczenia przetwarzania danych.<\/li>\n<li>Prawo uzyskania kopii danych \u2013 przekazujemy kopie przetwarzanych danych, dotycz\u0105cych osoby zg\u0142aszaj\u0105cej dane.<\/li>\n<li>Prawo usuni\u0119cia danych \u2013 na\u00a0\u017c\u0105danie osoby usuwamy dane.<\/li>\n<li>Prawo do\u00a0przenoszenia danych osobowych \u2013 wydajemy dostarczone dane osobowe w\u00a0zakresie w\u00a0jakim s\u0105 one przetwarzane w\u00a0spos\u00f3b zautomatyzowany lub w\u00a0zwi\u0105zku z\u00a0wyra\u017con\u0105 zgod\u0105, w\u00a0formie pozwalaj\u0105cej na\u00a0ich odczyt przez\u00a0komputer. Zgodnie z\u00a0rozporz\u0105dzeniem istnieje mo\u017cliwo\u015b\u0107 przes\u0142ania tych danych innemu podmiotowi, pod\u00a0warunkiem, \u017ce\u00a0istniej\u0105 w\u00a0tym zakresie techniczne mo\u017cliwo\u015bci zar\u00f3wno po\u00a0stronie Administratora jak i\u00a0innego podmiotu.<\/li>\n<li>Prawo do\u00a0sprzeciwu wobec przetwarzania danych w\u00a0celu marketingu bezpo\u015bredniego \u2013 osoba, kt\u00f3rej\u00a0dane osobowe s\u0105 przetwarzane mo\u017ce w\u00a0ka\u017cdym czasie sprzeciwi\u0107 si\u0119 przetwarzaniu jego danych osobowych<\/li>\n<li>Prawo do\u00a0sprzeciwu wobec innych cel\u00f3w przetwarzania danych \u2013 osoba, kt\u00f3rej\u00a0dane osobowe s\u0105 przetwarzane mo\u017ce w\u00a0ka\u017cdym czasie sprzeciwi\u0107 si\u0119 przetwarzaniu jego danych osobowych.<\/li>\n<li>Prawo do\u00a0skargi \u2013 osoba kt\u00f3rej\u00a0dane dotycz\u0105 w\u00a0sytuacji uznania \u017ce\u00a0przetwarzanie jej danych osobowych narusza przepisy RODO lub inne przepisy dotycz\u0105ce ochrony danych osobowych, mo\u017ce z\u0142o\u017cy\u0107 skarg\u0119 do\u00a0Prezesa Urz\u0119du Ochrony danych Osobowych.<\/li>\n<li>Prawo do\u00a0cofni\u0119cia zgody \u2013 osoba kt\u00f3rej\u00a0dane s\u0105 przetwarzane mo\u017ce w\u00a0ka\u017cdej chwili j\u0105 cofn\u0105\u0107.<\/li>\n<li>Prawo do\u00a0bycia zapomnianym \u2013 Osoba, kt\u00f3rej\u00a0dane dotycz\u0105, ma prawo \u017c\u0105dania niezw\u0142ocznego usuni\u0119cia dotycz\u0105cych jej danych osobowych, a\u00a0Administrator ma obowi\u0105zek bez\u00a0zb\u0119dnej zw\u0142oki usun\u0105\u0107 dane osobowe.<\/li>\n<\/ul>\n<\/li>\n<\/ul>\t\t\t\t\t\t<\/div>\n\t\t\t\t<\/div>\n\t\t\t\t<div class=\"elementor-element elementor-element-a37745e elementor-widget elementor-widget-text-editor\" data-id=\"a37745e\" data-element_type=\"widget\" data-widget_type=\"text-editor.default\">\n\t\t\t\t<div class=\"elementor-widget-container\">\n\t\t\t\t\t\t\t<ul>\n<li>\n<p>Wnioski o\u00a0kt\u00f3rych\u00a0mowa powy\u017cej mo\u017cna sk\u0142ada\u0107 na\u00a0adres e-mail:\u00a0<a href=\"mailto:biuro@translator.edu.pl\">biuro@translator.edu.pl<\/a><br \/>Odpowiedz zostanie udzielona w\u00a0formie pisemnej , z\u00a0wyj\u0105tkiem sytuacji gdy\u00a0wniosek zosta\u0142 z\u0142o\u017cony w\u00a0formie e-mailowej i\u00a0za\u017c\u0105dano przekazania odpowiedzi w\u00a0formie e-mailowej w\u00a0terminie 1\u00a0miesi\u0105ca od\u00a0wp\u0142yni\u0119cia wniosku. Administrator ma prawo wyd\u0142u\u017cy\u0107 rozpoznanie wniosku do\u00a02\u00a0miesi\u0119cy przez\u00a0powiadomienie o\u00a0tym osoby, przed\u00a0ko\u0144cem pierwszego miesi\u0105ca terminu.<\/p>\n<\/li>\n<\/ul>\t\t\t\t\t\t<\/div>\n\t\t\t\t<\/div>\n\t\t\t\t\t<\/div>\n\t\t<\/div>\n\t\t\t\t\t<\/div>\n\t\t<\/section>\n\t\t\t\t<\/div>\n\t\t","protected":false},"excerpt":{"rendered":"<p>Polityka przetwarzania danych osobowych Mi\u0119dzynarodowe Centrum Edukacyjne In Translator Sp. z\u00a0o.o., jako administrator danych osobowych przetwarza uzyskane dane osobowe zgodnie z\u00a0Ustawi\u0105 z\u00a0dnia 10 maja 2018 r. o\u00a0ochronie danych osobowych (t.j. Dz.\u00a0U. z\u00a02018 r. poz. 1000); Rozporz\u0105dzeniu Parlamentu Europejskiego i\u00a0Rady (UE) 2016\/679 z\u00a0dnia 27 kwietnia 2016 r. w\u00a0sprawie ochrony os\u00f3b fizycznych w\u00a0zwi\u0105zku z\u00a0przetwarzaniem danych osobowych i\u00a0w\u00a0sprawie&hellip;&nbsp;<a href=\"https:\/\/translator.edu.pl\/?page_id=3\" class=\"\" rel=\"bookmark\">Czytaj dalej &raquo;<span class=\"screen-reader-text\">Polityka prywatno\u015bci<\/span><\/a><\/p>\n","protected":false},"author":1,"featured_media":0,"parent":0,"menu_order":0,"comment_status":"closed","ping_status":"closed","template":"","meta":{"neve_meta_sidebar":"","neve_meta_container":"","neve_meta_enable_content_width":"","neve_meta_content_width":0,"neve_meta_title_alignment":"","neve_meta_author_avatar":"","neve_post_elements_order":"","neve_meta_disable_header":"","neve_meta_disable_footer":"","neve_meta_disable_title":"","footnotes":""},"class_list":["post-3","page","type-page","status-publish","hentry"],"_links":{"self":[{"href":"https:\/\/translator.edu.pl\/index.php?rest_route=\/wp\/v2\/pages\/3"}],"collection":[{"href":"https:\/\/translator.edu.pl\/index.php?rest_route=\/wp\/v2\/pages"}],"about":[{"href":"https:\/\/translator.edu.pl\/index.php?rest_route=\/wp\/v2\/types\/page"}],"author":[{"embeddable":true,"href":"https:\/\/translator.edu.pl\/index.php?rest_route=\/wp\/v2\/users\/1"}],"replies":[{"embeddable":true,"href":"https:\/\/translator.edu.pl\/index.php?rest_route=%2Fwp%2Fv2%2Fcomments&post=3"}],"version-history":[{"count":4,"href":"https:\/\/translator.edu.pl\/index.php?rest_route=\/wp\/v2\/pages\/3\/revisions"}],"predecessor-version":[{"id":169,"href":"https:\/\/translator.edu.pl\/index.php?rest_route=\/wp\/v2\/pages\/3\/revisions\/169"}],"wp:attachment":[{"href":"https:\/\/translator.edu.pl\/index.php?rest_route=%2Fwp%2Fv2%2Fmedia&parent=3"}],"curies":[{"name":"wp","href":"https:\/\/api.w.org\/{rel}","templated":true}]}}